{"id":6413,"date":"2020-02-18T10:24:07","date_gmt":"2020-02-18T09:24:07","guid":{"rendered":"https:\/\/www.lacatorta.com\/home\/"},"modified":"2021-02-08T19:50:13","modified_gmt":"2021-02-08T18:50:13","slug":"home","status":"publish","type":"page","link":"https:\/\/www.lacatorta.com\/de\/","title":{"rendered":"Home"},"content":{"rendered":"<p>[et_pb_section fb_built=&#8220;1&#8243; fullwidth=&#8220;on&#8220; _builder_version=&#8220;4.3.2&#8243;][et_pb_fullwidth_slider _builder_version=&#8220;4.3.2&#8243; header_level=&#8220;h1&#8243; header_text_align=&#8220;left&#8220; header_font_size=&#8220;70px&#8220; background_image=&#8220;https:\/\/www.lacatorta.com\/wp-content\/uploads\/2020\/02\/slide1.jpg&#8220; header_text_shadow_style=&#8220;preset1&#8243;][et_pb_slide heading=&#8220;DIE RUHE UNSERER H\u00dcGEL UND DIE KULTUR VON PARMA&#8220; _builder_version=&#8220;4.3.2&#8243; header_level=&#8220;h1&#8243; header_text_align=&#8220;left&#8220; header_font_size=&#8220;70px&#8220; header_letter_spacing=&#8220;0px&#8220; header_text_shadow_style=&#8220;preset1&#8243;][\/et_pb_slide][et_pb_slide heading=&#8220;NUTZEN SIE JETZT UNSERE ANGEBOTE IN DER N\u00c4HE VON PARMA&#8220; _builder_version=&#8220;4.3.2&#8243; background_image=&#8220;https:\/\/www.lacatorta.com\/wp-content\/uploads\/2020\/02\/slide2.jpg&#8220; background_enable_image=&#8220;on&#8220;][\/et_pb_slide][\/et_pb_fullwidth_slider][\/et_pb_section][et_pb_section fb_built=&#8220;1&#8243; admin_label=&#8220;Best Beans&#8220; _builder_version=&#8220;3.22&#8243; background_color_gradient_direction=&#8220;90deg&#8220; custom_padding=&#8220;0px|0px|0px|0px&#8220;][et_pb_row column_structure=&#8220;1_2,1_2&#8243; use_custom_gutter=&#8220;on&#8220; gutter_width=&#8220;1&#8243; make_equal=&#8220;on&#8220; admin_label=&#8220;Best Beans Row&#8220; module_class=&#8220; et_pb_row_fullwidth&#8220; _builder_version=&#8220;4.3.2&#8243; width=&#8220;100%&#8220; width_tablet=&#8220;100%&#8220; width_phone=&#8220;&#8220; width_last_edited=&#8220;on|desktop&#8220; max_width=&#8220;100%&#8220; max_width_tablet=&#8220;100%&#8220; max_width_phone=&#8220;&#8220; max_width_last_edited=&#8220;on|desktop&#8220; height=&#8220;652px&#8220; custom_margin=&#8220;|||&#8220; custom_padding=&#8220;0px|0px|0px|0px&#8220; make_fullwidth=&#8220;on&#8220;][et_pb_column type=&#8220;1_2&#8243; _builder_version=&#8220;3.25&#8243; custom_padding=&#8220;100px|10%|100px|10%&#8220; custom_padding__hover=&#8220;|||&#8220;][et_pb_text disabled_on=&#8220;off|off|off&#8220; admin_label=&#8220;Tittle&#8220; _builder_version=&#8220;4.3.2&#8243; text_font=&#8220;Nunito||||||||&#8220; text_font_size=&#8220;18px&#8220; text_line_height=&#8220;1.8em&#8220; header_text_align=&#8220;center&#8220; header_3_font=&#8220;Oswald|||on|||||&#8220; header_3_font_size=&#8220;42px&#8220; header_3_letter_spacing=&#8220;2px&#8220; header_3_line_height=&#8220;1.5em&#8220; max_width=&#8220;642px&#8220; max_width_tablet=&#8220;&#8220; max_width_phone=&#8220;&#8220; max_width_last_edited=&#8220;on|phone&#8220; module_alignment=&#8220;left&#8220; custom_margin=&#8220;-46px|-32px|29px|-38px|false|false&#8220; custom_padding=&#8220;|0px||||&#8220; locked=&#8220;off&#8220; background_color=&#8220;#006d09&#8243; use_background_color_gradient=&#8220;on&#8220; background_color_gradient_end=&#8220;#2b87da&#8220; background_color_gradient_type=&#8220;radial&#8220; background_color_gradient_start=&#8220;#cdd8c3&#8243; background_color_gradient_start_position=&#8220;66%&#8220;]<\/p>\n<h3><span style=\"font-size: large;\"><strong>GESUNDHEITSNOTFALL 2020-21<\/strong><\/span><\/h3>\n<p>In \u00dcbereinstimmung mit dem regionalen Regulierungsprotokoll f\u00fcr den Kontrast und die Eind\u00e4mmung von COVID 19 sind wir noch offen!<\/p>\n<p>[\/et_pb_text][et_pb_text disabled_on=&#8220;off|off|off&#8220; admin_label=&#8220;Tittle&#8220; _builder_version=&#8220;3.27.4&#8243; text_font=&#8220;Nunito||||||||&#8220; text_font_size=&#8220;18px&#8220; text_line_height=&#8220;1.8em&#8220; header_text_align=&#8220;center&#8220; header_3_font=&#8220;Oswald|||on|||||&#8220; header_3_font_size=&#8220;42px&#8220; header_3_letter_spacing=&#8220;2px&#8220; header_3_line_height=&#8220;1.5em&#8220; max_width=&#8220;642px&#8220; max_width_tablet=&#8220;&#8220; max_width_phone=&#8220;&#8220; max_width_last_edited=&#8220;on|phone&#8220; module_alignment=&#8220;left&#8220; custom_margin=&#8220;|-32px||-38px||&#8220; custom_padding=&#8220;|0px||||&#8220; locked=&#8220;off&#8220;]<\/p>\n<h3><strong>&#8222;La Ca&#8216; t\u00f3rta&#8220;<\/strong><\/h3>\n<p>Das Haus, das der streng konservativen Restaurierung eines alten Bauernhauses entstammt, befindet sich in einem charakteristischen Dorf inmitten der Ruhe und der Natur der H\u00fcgellandschaft des Apennins von Parma. Der langsame Lebensrhythmus der l\u00e4ndlichen D\u00f6rfer und die Ruhe der H\u00fcgel sind der Schl\u00fcssel zu einem absolut entspannten Aufenthalt.<\/p>\n<p>[\/et_pb_text][et_pb_button button_url=&#8220;https:\/\/www.lacatorta.com\/de\/das-haus\/&#8220; button_text=&#8220;Erfahren Sie mehr&#8220; button_alignment=&#8220;left&#8220; disabled_on=&#8220;off|off|off&#8220; _builder_version=&#8220;4.3.2&#8243; custom_button=&#8220;on&#8220; button_text_size=&#8220;15px&#8220; button_text_color=&#8220;#ffffff&#8220; button_bg_color=&#8220;#6d112b&#8220; button_border_width=&#8220;10px&#8220; button_border_color=&#8220;#6d112b&#8220; button_border_radius=&#8220;0px&#8220; button_letter_spacing=&#8220;3px&#8220; button_font=&#8220;|||on|||||&#8220; button_use_icon=&#8220;off&#8220; custom_margin=&#8220;60px|||&#8220; button_border_color_hover=&#8220;#c99872&#8243; button_border_radius_hover=&#8220;0px&#8220; button_letter_spacing_hover=&#8220;3px&#8220; button_bg_color_hover=&#8220;#c99872&#8243; locked=&#8220;off&#8220; button_text_size__hover_enabled=&#8220;off&#8220; button_one_text_size__hover_enabled=&#8220;off&#8220; button_two_text_size__hover_enabled=&#8220;off&#8220; button_text_color__hover_enabled=&#8220;off&#8220; button_one_text_color__hover_enabled=&#8220;off&#8220; button_two_text_color__hover_enabled=&#8220;off&#8220; button_border_width__hover_enabled=&#8220;off&#8220; button_one_border_width__hover_enabled=&#8220;off&#8220; button_two_border_width__hover_enabled=&#8220;off&#8220; button_border_color__hover_enabled=&#8220;on|desktop&#8220; button_border_color__hover=&#8220;#6d112b&#8220; button_one_border_color__hover_enabled=&#8220;off&#8220; button_two_border_color__hover_enabled=&#8220;off&#8220; button_border_radius__hover_enabled=&#8220;on&#8220; button_border_radius__hover=&#8220;0px&#8220; button_one_border_radius__hover_enabled=&#8220;off&#8220; button_two_border_radius__hover_enabled=&#8220;off&#8220; button_letter_spacing__hover_enabled=&#8220;on&#8220; button_letter_spacing__hover=&#8220;3px&#8220; button_one_letter_spacing__hover_enabled=&#8220;off&#8220; button_two_letter_spacing__hover_enabled=&#8220;off&#8220; button_bg_color__hover_enabled=&#8220;on|desktop&#8220; button_bg_color__hover=&#8220;#6d112b&#8220; button_one_bg_color__hover_enabled=&#8220;off&#8220; button_two_bg_color__hover_enabled=&#8220;off&#8220; button_bg_enable_color__hover=&#8220;on&#8220;][\/et_pb_button][\/et_pb_column][et_pb_column type=&#8220;1_2&#8243; _builder_version=&#8220;4.3.2&#8243; background_image=&#8220;https:\/\/www.lacatorta.com\/wp-content\/uploads\/2020\/02\/EOS.052-scaled.jpg&#8220; custom_padding=&#8220;||200px||false|false&#8220; custom_padding__hover=&#8220;|||&#8220;][\/et_pb_column][\/et_pb_row][\/et_pb_section][et_pb_section fb_built=&#8220;1&#8243; admin_label=&#8220;Best Beans&#8220; _builder_version=&#8220;3.22&#8243; background_color_gradient_direction=&#8220;90deg&#8220; custom_padding=&#8220;0px|0px|0px|0px&#8220;][et_pb_row column_structure=&#8220;1_2,1_2&#8243; use_custom_gutter=&#8220;on&#8220; gutter_width=&#8220;1&#8243; make_equal=&#8220;on&#8220; admin_label=&#8220;Best Beans Row&#8220; module_class=&#8220; et_pb_row_fullwidth&#8220; _builder_version=&#8220;4.3.2&#8243; width=&#8220;100%&#8220; width_tablet=&#8220;100%&#8220; width_phone=&#8220;&#8220; width_last_edited=&#8220;on|desktop&#8220; max_width=&#8220;100%&#8220; max_width_tablet=&#8220;100%&#8220; max_width_phone=&#8220;&#8220; max_width_last_edited=&#8220;on|desktop&#8220; height=&#8220;652px&#8220; custom_margin=&#8220;|||&#8220; custom_padding=&#8220;0px|0px|0px|0px&#8220; make_fullwidth=&#8220;on&#8220;][et_pb_column type=&#8220;1_2&#8243; _builder_version=&#8220;4.3.2&#8243; background_image=&#8220;https:\/\/www.lacatorta.com\/wp-content\/uploads\/2020\/02\/bg_banner-1.jpg&#8220; custom_padding=&#8220;100px|10%|100px|10%&#8220; custom_padding__hover=&#8220;|||&#8220;][\/et_pb_column][et_pb_column type=&#8220;1_2&#8243; _builder_version=&#8220;4.3.2&#8243; background_enable_image=&#8220;off&#8220; custom_padding=&#8220;100px|10%|100px|10%|false|false&#8220; custom_padding__hover=&#8220;|||&#8220;][et_pb_text disabled_on=&#8220;off|off|off&#8220; admin_label=&#8220;Tittle&#8220; _builder_version=&#8220;3.27.4&#8243; text_font=&#8220;Nunito||||||||&#8220; text_font_size=&#8220;18px&#8220; text_line_height=&#8220;1.8em&#8220; header_text_align=&#8220;center&#8220; header_3_font=&#8220;Oswald|||on|||||&#8220; header_3_font_size=&#8220;42px&#8220; header_3_letter_spacing=&#8220;2px&#8220; header_3_line_height=&#8220;1.5em&#8220; max_width=&#8220;642px&#8220; max_width_tablet=&#8220;&#8220; max_width_phone=&#8220;&#8220; max_width_last_edited=&#8220;on|phone&#8220; module_alignment=&#8220;left&#8220; custom_margin=&#8220;|-32px||-38px||&#8220; custom_padding=&#8220;|0px||||&#8220; locked=&#8220;off&#8220;]<\/p>\n<h3><strong>INFO &amp; PREISE<\/strong><\/h3>\n<p>Der Respekt vor der urspr\u00fcnglichen Architektur verleiht den Zimmern Frische, Originalit\u00e4t und Gem\u00fctlichkeit. Dar\u00fcber hinaus garantiert die Lage im gut ventilierten H\u00fcgelland ein optimales Klima, sowohl im Fr\u00fchjahr als auch in den Sommermonaten. Es besteht die M\u00f6glichkeit, einzelne Zimmer oder das Haus als Ganzes zu buchen. Auf Anfrage besteht die M\u00f6glichkeit, die K\u00fcche und Ger\u00e4tschaften\u00a0 auch zur Zubereitung von Mahlzeiten zu nutzen.<\/p>\n<p>[\/et_pb_text][et_pb_button button_url=&#8220;https:\/\/www.lacatorta.com\/de\/zimmer-und-preise\/&#8220; button_text=&#8220;Erfahren Sie mehr&#8220; button_alignment=&#8220;left&#8220; _builder_version=&#8220;4.3.2&#8243; custom_button=&#8220;on&#8220; button_text_size=&#8220;15px&#8220; button_text_color=&#8220;#ffffff&#8220; button_bg_color=&#8220;#6d112b&#8220; button_border_width=&#8220;10px&#8220; button_border_color=&#8220;#6d112b&#8220; button_border_radius=&#8220;0px&#8220; button_letter_spacing=&#8220;3px&#8220; button_font=&#8220;|||on|||||&#8220; button_use_icon=&#8220;off&#8220; custom_margin=&#8220;60px|||&#8220; button_border_color_hover=&#8220;#c99872&#8243; button_border_radius_hover=&#8220;0px&#8220; button_letter_spacing_hover=&#8220;3px&#8220; button_bg_color_hover=&#8220;#c99872&#8243; locked=&#8220;off&#8220; button_text_size__hover_enabled=&#8220;off&#8220; button_one_text_size__hover_enabled=&#8220;off&#8220; button_two_text_size__hover_enabled=&#8220;off&#8220; button_text_color__hover_enabled=&#8220;off&#8220; button_one_text_color__hover_enabled=&#8220;off&#8220; button_two_text_color__hover_enabled=&#8220;off&#8220; button_border_width__hover_enabled=&#8220;off&#8220; button_one_border_width__hover_enabled=&#8220;off&#8220; button_two_border_width__hover_enabled=&#8220;off&#8220; button_border_color__hover_enabled=&#8220;on|desktop&#8220; button_border_color__hover=&#8220;#6d112b&#8220; button_one_border_color__hover_enabled=&#8220;off&#8220; button_two_border_color__hover_enabled=&#8220;off&#8220; button_border_radius__hover_enabled=&#8220;on&#8220; button_border_radius__hover=&#8220;0px&#8220; button_one_border_radius__hover_enabled=&#8220;off&#8220; button_two_border_radius__hover_enabled=&#8220;off&#8220; button_letter_spacing__hover_enabled=&#8220;on&#8220; button_letter_spacing__hover=&#8220;3px&#8220; button_one_letter_spacing__hover_enabled=&#8220;off&#8220; button_two_letter_spacing__hover_enabled=&#8220;off&#8220; button_bg_color__hover_enabled=&#8220;on|desktop&#8220; button_bg_color__hover=&#8220;#6d112b&#8220; button_one_bg_color__hover_enabled=&#8220;off&#8220; button_two_bg_color__hover_enabled=&#8220;off&#8220; button_bg_enable_color__hover=&#8220;on&#8220;][\/et_pb_button][\/et_pb_column][\/et_pb_row][\/et_pb_section][et_pb_section fb_built=&#8220;1&#8243; admin_label=&#8220;Footer&#8220; _builder_version=&#8220;4.3.2&#8243; background_color_gradient_direction=&#8220;90deg&#8220; background_image=&#8220;https:\/\/www.lacatorta.com\/wp-content\/uploads\/2020\/02\/EOS-011.jpg&#8220; parallax=&#8220;on&#8220; custom_padding=&#8220;0px|0px|0px|0px&#8220; saved_tabs=&#8220;all&#8220; locked=&#8220;off&#8220;][et_pb_row column_structure=&#8220;1_2,1_2&#8243; use_custom_gutter=&#8220;on&#8220; gutter_width=&#8220;1&#8243; make_equal=&#8220;on&#8220; admin_label=&#8220;Footer Row&#8220; module_class=&#8220; et_pb_row_fullwidth&#8220; _builder_version=&#8220;4.3.2&#8243; width=&#8220;100%&#8220; width_tablet=&#8220;100%&#8220; width_phone=&#8220;&#8220; width_last_edited=&#8220;on|desktop&#8220; max_width=&#8220;100%&#8220; max_width_tablet=&#8220;100%&#8220; max_width_phone=&#8220;&#8220; max_width_last_edited=&#8220;on|desktop&#8220; custom_margin=&#8220;|||&#8220; custom_padding=&#8220;0px|0px|0px|0px&#8220; animation_style=&#8220;fade&#8220; make_fullwidth=&#8220;on&#8220;][et_pb_column type=&#8220;1_2&#8243; _builder_version=&#8220;4.3.2&#8243; background_color=&#8220;rgba(0,0,0,0.1)&#8220; custom_padding=&#8220;100px|10%|100px|10%&#8220; custom_padding_tablet=&#8220;&#8220; custom_padding_phone=&#8220;&#8220; custom_padding_last_edited=&#8220;on|phone&#8220; padding_last_edited=&#8220;on|phone&#8220; custom_padding__hover=&#8220;|||&#8220;][et_pb_text disabled_on=&#8220;off|off|off&#8220; admin_label=&#8220;Tittle&#8220; _builder_version=&#8220;3.27.4&#8243; text_font=&#8220;Oswald||||&#8220; link_font=&#8220;||||||||&#8220; ul_font=&#8220;||||||||&#8220; ol_font=&#8220;||||||||&#8220; quote_font=&#8220;||||||||&#8220; header_font=&#8220;||||||||&#8220; header_2_font=&#8220;Oswald|||on|||||&#8220; header_2_text_align=&#8220;left&#8220; header_2_font_size=&#8220;40px&#8220; header_2_letter_spacing=&#8220;2px&#8220; header_2_line_height=&#8220;1.5em&#8220; background_layout=&#8220;dark&#8220; custom_margin=&#8220;||4%|&#8220; locked=&#8220;off&#8220;]<\/p>\n<h2>LEISTUNGEN<\/h2>\n<p>[\/et_pb_text][et_pb_text disabled_on=&#8220;off|off|off&#8220; admin_label=&#8220;Texts&#8220; _builder_version=&#8220;4.3.2&#8243; text_font=&#8220;Nunito||||&#8220; text_font_size=&#8220;16px&#8220; text_line_height=&#8220;1.5em&#8220; header_font=&#8220;Oswald|||on|&#8220; header_text_color=&#8220;#DCA57D&#8220; header_font_size=&#8220;16px&#8220; header_letter_spacing=&#8220;2px&#8220; header_line_height=&#8220;1.7em&#8220; header_4_font=&#8220;Oswald|||on|||||&#8220; header_4_text_color=&#8220;#DCA57D&#8220; header_4_font_size=&#8220;16px&#8220; header_4_letter_spacing=&#8220;1px&#8220; header_4_line_height=&#8220;1.5em&#8220; background_layout=&#8220;dark&#8220; custom_margin=&#8220;||6%|&#8220; locked=&#8220;off&#8220;]<\/p>\n<h4>\u2013\u00a0KOSTENLOSER PARKPLATZ<\/h4>\n<p>\u2013 WI-FI INTERNET<\/p>\n<p>[\/et_pb_text][et_pb_text disabled_on=&#8220;off|off|off&#8220; admin_label=&#8220;Texts&#8220; _builder_version=&#8220;4.3.2&#8243; text_font=&#8220;Nunito||||&#8220; text_font_size=&#8220;16px&#8220; text_line_height=&#8220;1.5em&#8220; header_font=&#8220;Oswald|||on|&#8220; header_text_color=&#8220;#DCA57D&#8220; header_font_size=&#8220;16px&#8220; header_letter_spacing=&#8220;2px&#8220; header_line_height=&#8220;1.7em&#8220; header_4_font=&#8220;Oswald|||on|||||&#8220; header_4_text_color=&#8220;#DCA57D&#8220; header_4_font_size=&#8220;16px&#8220; header_4_letter_spacing=&#8220;1px&#8220; header_4_line_height=&#8220;1.5em&#8220; background_layout=&#8220;dark&#8220; custom_margin=&#8220;||6%|&#8220; locked=&#8220;off&#8220;]<\/p>\n<h4>\u2013 SELBSTGEMACHTES FR\u00dcHST\u00dcCK INKLUSIVE<\/h4>\n<p>\u2013 HAUSTIERE GESTATTET<\/p>\n<p>[\/et_pb_text][et_pb_button button_url=&#8220;https:\/\/www.tripadvisor.it\/Hotel_Review-g1930565-d17191987-Reviews-B_B_La_Ca_Torta-Neviano_degli_Arduini_Province_of_Parma_Emilia_Romagna.html&#8220; button_text=&#8220;WIR SIND AUCH AUF TRIPADVISOR&#8220; button_alignment=&#8220;left&#8220; disabled_on=&#8220;off|off|off&#8220; admin_label=&#8220;Texts&#8220; _builder_version=&#8220;4.3.2&#8243; custom_button=&#8220;on&#8220; button_text_size=&#8220;15px&#8220; button_text_color=&#8220;#ffffff&#8220; button_bg_color=&#8220;#dca47d&#8220; button_border_width=&#8220;10px&#8220; button_border_color=&#8220;#dca47d&#8220; button_border_radius=&#8220;0px&#8220; button_letter_spacing=&#8220;3px&#8220; button_font=&#8220;Oswald|||on|&#8220; button_use_icon=&#8220;off&#8220; custom_margin=&#8220;|||&#8220; button_border_color_hover=&#8220;#c99872&#8243; button_border_radius_hover=&#8220;0px&#8220; button_letter_spacing_hover=&#8220;3px&#8220; button_bg_color_hover=&#8220;#c99872&#8243; button_text_size__hover_enabled=&#8220;off&#8220; button_one_text_size__hover_enabled=&#8220;off&#8220; button_two_text_size__hover_enabled=&#8220;off&#8220; button_text_color__hover_enabled=&#8220;off&#8220; button_one_text_color__hover_enabled=&#8220;off&#8220; button_two_text_color__hover_enabled=&#8220;off&#8220; button_border_width__hover_enabled=&#8220;off&#8220; button_one_border_width__hover_enabled=&#8220;off&#8220; button_two_border_width__hover_enabled=&#8220;off&#8220; button_border_color__hover_enabled=&#8220;on&#8220; button_border_color__hover=&#8220;#c99872&#8243; button_one_border_color__hover_enabled=&#8220;off&#8220; button_two_border_color__hover_enabled=&#8220;off&#8220; button_border_radius__hover_enabled=&#8220;on&#8220; button_border_radius__hover=&#8220;0px&#8220; button_one_border_radius__hover_enabled=&#8220;off&#8220; button_two_border_radius__hover_enabled=&#8220;off&#8220; button_letter_spacing__hover_enabled=&#8220;on&#8220; button_letter_spacing__hover=&#8220;3px&#8220; button_one_letter_spacing__hover_enabled=&#8220;off&#8220; button_two_letter_spacing__hover_enabled=&#8220;off&#8220; button_bg_color__hover_enabled=&#8220;on&#8220; button_bg_color__hover=&#8220;#c99872&#8243; button_one_bg_color__hover_enabled=&#8220;off&#8220; button_two_bg_color__hover_enabled=&#8220;off&#8220;][\/et_pb_button][\/et_pb_column][et_pb_column type=&#8220;1_2&#8243; _builder_version=&#8220;3.25&#8243; background_color=&#8220;#000000&#8243; custom_padding=&#8220;100px|10%|100px|10%&#8220; custom_padding__hover=&#8220;|||&#8220;][et_pb_text disabled_on=&#8220;off|off|off&#8220; admin_label=&#8220;Texts&#8220; _builder_version=&#8220;3.27.4&#8243; text_font=&#8220;Oswald||||&#8220; link_font=&#8220;||||||||&#8220; ul_font=&#8220;||||||||&#8220; ol_font=&#8220;||||||||&#8220; quote_font=&#8220;||||||||&#8220; header_font=&#8220;||||||||&#8220; header_2_font=&#8220;Oswald|||on|||||&#8220; header_2_text_align=&#8220;left&#8220; header_2_font_size=&#8220;40px&#8220; header_2_letter_spacing=&#8220;2px&#8220; header_2_line_height=&#8220;1.5em&#8220; background_layout=&#8220;dark&#8220; custom_margin=&#8220;||4%|&#8220; custom_padding=&#8220;|||&#8220; locked=&#8220;off&#8220;]<\/p>\n<h2><strong>KONTAKT<\/strong><\/h2>\n<p>[\/et_pb_text][et_pb_text disabled_on=&#8220;off|off|off&#8220; admin_label=&#8220;Texts&#8220; _builder_version=&#8220;4.3.2&#8243; text_font=&#8220;Nunito||||&#8220; text_font_size=&#8220;16px&#8220; header_font=&#8220;Oswald|||on|&#8220; header_text_color=&#8220;#DCA57D&#8220; header_font_size=&#8220;16px&#8220; header_letter_spacing=&#8220;2px&#8220; header_line_height=&#8220;1.7em&#8220; header_4_font=&#8220;Oswald|||on|||||&#8220; header_4_text_color=&#8220;#DCA57D&#8220; header_4_font_size=&#8220;16px&#8220; header_4_letter_spacing=&#8220;1px&#8220; header_4_line_height=&#8220;1.5em&#8220; background_layout=&#8220;dark&#8220; custom_margin=&#8220;||6%|&#8220; custom_padding=&#8220;0px|||||&#8220; locked=&#8220;off&#8220;]<\/p>\n<h4>RUFEN SIE UNS JETZT AN<\/h4>\n<p>+39 <span dir=\"ltr\" style=\"direction: ltr;\">349 5106295<\/span><\/p>\n<p>[\/et_pb_text][et_pb_text disabled_on=&#8220;off|off|off&#8220; admin_label=&#8220;Texts&#8220; _builder_version=&#8220;4.3.2&#8243; text_font=&#8220;Nunito||||&#8220; text_font_size=&#8220;16px&#8220; header_font=&#8220;Oswald|||on|&#8220; header_text_color=&#8220;#DCA57D&#8220; header_font_size=&#8220;16px&#8220; header_letter_spacing=&#8220;2px&#8220; header_line_height=&#8220;1.7em&#8220; header_4_font=&#8220;Oswald|||on|||||&#8220; header_4_text_color=&#8220;#DCA57D&#8220; header_4_font_size=&#8220;16px&#8220; header_4_letter_spacing=&#8220;1px&#8220; header_4_line_height=&#8220;1.5em&#8220; background_layout=&#8220;dark&#8220; custom_margin=&#8220;||6%|&#8220; custom_padding=&#8220;0px|||||&#8220; locked=&#8220;off&#8220;]<\/p>\n<h4>MAILEN SIE UNS<\/h4>\n<p><span style=\"color: #ffffff;\"><a href=\"mailto:info@lacatorta.com\" style=\"color: #ffffff;\">info@lacatorta.com<\/a><\/span><\/p>\n<p>[\/et_pb_text][et_pb_text disabled_on=&#8220;off|off|off&#8220; admin_label=&#8220;Texts&#8220; _builder_version=&#8220;4.3.2&#8243; text_font=&#8220;Nunito||||&#8220; text_font_size=&#8220;16px&#8220; text_line_height=&#8220;1.5em&#8220; header_font=&#8220;Oswald|||on|&#8220; header_text_color=&#8220;#DCA57D&#8220; header_font_size=&#8220;16px&#8220; header_letter_spacing=&#8220;2px&#8220; header_line_height=&#8220;1.7em&#8220; header_4_font=&#8220;Oswald|||on|||||&#8220; header_4_text_color=&#8220;#DCA57D&#8220; header_4_font_size=&#8220;16px&#8220; header_4_letter_spacing=&#8220;1px&#8220; header_4_line_height=&#8220;1.5em&#8220; background_layout=&#8220;dark&#8220; custom_margin=&#8220;||6%|&#8220; custom_padding=&#8220;||0px|||&#8220; locked=&#8220;off&#8220;]<\/p>\n<h4>WO SIE UNS FINDEN<\/h4>\n<p>Strada Case Mazza, 14<br \/> 43024 Neviano degli Arduini (PR)<\/p>\n<p><a href=\"https:\/\/wa.me\/393495106295\" target=\"_blank\" rel=\"noopener noreferrer\"><img loading=\"lazy\" decoding=\"async\" src=\"https:\/\/www.lacatorta.com\/wp-content\/uploads\/2020\/02\/whatsapp.png\" alt=\"\" class=\"wp-image-5889 alignnone size-full\" width=\"50\" height=\"50\" \/><\/a><\/p>\n<p>[\/et_pb_text][\/et_pb_column][\/et_pb_row][\/et_pb_section]<\/p>\n","protected":false},"excerpt":{"rendered":"<p>GESUNDHEITSNOTFALL 2020-21 In \u00dcbereinstimmung mit dem regionalen Regulierungsprotokoll f\u00fcr den Kontrast und die Eind\u00e4mmung von COVID 19 sind wir noch offen!&#8220;La Ca&#8216; t\u00f3rta&#8220; Das Haus, das der streng konservativen Restaurierung eines alten Bauernhauses entstammt, befindet sich in einem charakteristischen Dorf inmitten der Ruhe und der Natur der H\u00fcgellandschaft des Apennins von Parma. Der langsame Lebensrhythmus [&hellip;]<\/p>\n","protected":false},"author":1,"featured_media":0,"parent":0,"menu_order":0,"comment_status":"closed","ping_status":"closed","template":"","meta":{"_et_pb_use_builder":"on","_et_pb_old_content":"","_et_gb_content_width":"","footnotes":""},"class_list":["post-6413","page","type-page","status-publish","hentry"],"_links":{"self":[{"href":"https:\/\/www.lacatorta.com\/de\/wp-json\/wp\/v2\/pages\/6413","targetHints":{"allow":["GET"]}}],"collection":[{"href":"https:\/\/www.lacatorta.com\/de\/wp-json\/wp\/v2\/pages"}],"about":[{"href":"https:\/\/www.lacatorta.com\/de\/wp-json\/wp\/v2\/types\/page"}],"author":[{"embeddable":true,"href":"https:\/\/www.lacatorta.com\/de\/wp-json\/wp\/v2\/users\/1"}],"replies":[{"embeddable":true,"href":"https:\/\/www.lacatorta.com\/de\/wp-json\/wp\/v2\/comments?post=6413"}],"version-history":[{"count":14,"href":"https:\/\/www.lacatorta.com\/de\/wp-json\/wp\/v2\/pages\/6413\/revisions"}],"predecessor-version":[{"id":6795,"href":"https:\/\/www.lacatorta.com\/de\/wp-json\/wp\/v2\/pages\/6413\/revisions\/6795"}],"wp:attachment":[{"href":"https:\/\/www.lacatorta.com\/de\/wp-json\/wp\/v2\/media?parent=6413"}],"curies":[{"name":"wp","href":"https:\/\/api.w.org\/{rel}","templated":true}]}}