{"id":6399,"date":"2020-02-27T11:21:59","date_gmt":"2020-02-27T10:21:59","guid":{"rendered":"https:\/\/www.lacatorta.com\/cookie-policy\/"},"modified":"2020-02-27T11:21:59","modified_gmt":"2020-02-27T10:21:59","slug":"cookie-policy","status":"publish","type":"page","link":"https:\/\/www.lacatorta.com\/fr\/cookie-policy\/","title":{"rendered":"Cookie Policy"},"content":{"rendered":"<p>[et_pb_section fb_built=\u00a0\u00bb1&Prime; fullwidth=\u00a0\u00bbon\u00a0\u00bb admin_label=\u00a0\u00bbHeader Section\u00a0\u00bb _builder_version=\u00a0\u00bb3.22&Prime; background_color=\u00a0\u00bb#000000&Prime; custom_padding=\u00a0\u00bb|||\u00a0\u00bb locked=\u00a0\u00bboff\u00a0\u00bb][et_pb_fullwidth_header title=\u00a0\u00bbCOOKIE POLICY\u00a0\u00bb text_orientation=\u00a0\u00bbcenter\u00a0\u00bb background_overlay_color=\u00a0\u00bbrgba(0,0,0,0.4)\u00a0\u00bb content_max_width_last_edited=\u00a0\u00bboff|desktop\u00a0\u00bb admin_label=\u00a0\u00bbContents\u00a0\u00bb _builder_version=\u00a0\u00bb4.3.2&Prime; title_font=\u00a0\u00bbOswald|||on|\u00a0\u00bb title_text_align=\u00a0\u00bbcenter\u00a0\u00bb title_font_size=\u00a0\u00bb80px\u00a0\u00bb title_letter_spacing=\u00a0\u00bb0.05em\u00a0\u00bb title_line_height=\u00a0\u00bb1.5em\u00a0\u00bb subhead_font=\u00a0\u00bbNunito|600|||||||\u00a0\u00bb subhead_font_size=\u00a0\u00bb20px\u00a0\u00bb subhead_line_height=\u00a0\u00bb1.9em\u00a0\u00bb background_color=\u00a0\u00bbrgba(255, 255, 255, 0)\u00a0\u00bb background_image=\u00a0\u00bbhttps:\/\/www.lacatorta.com\/wp-content\/uploads\/2020\/02\/WhatsApp-Image-2020-02-25-at-17.34.40.jpeg\u00a0\u00bb parallax=\u00a0\u00bbon\u00a0\u00bb parallax_method=\u00a0\u00bbon\u00a0\u00bb custom_button_one=\u00a0\u00bbon\u00a0\u00bb button_one_text_size=\u00a0\u00bb15px\u00a0\u00bb button_one_bg_color=\u00a0\u00bb#dca57d\u00a0\u00bb button_one_border_width=\u00a0\u00bb10px\u00a0\u00bb button_one_border_color=\u00a0\u00bb#dca57d\u00a0\u00bb button_one_border_radius=\u00a0\u00bb0px\u00a0\u00bb button_one_letter_spacing=\u00a0\u00bb3px\u00a0\u00bb button_one_font=\u00a0\u00bbOswald|||on|\u00a0\u00bb button_one_use_icon=\u00a0\u00bboff\u00a0\u00bb custom_margin=\u00a0\u00bb|||\u00a0\u00bb custom_padding=\u00a0\u00bb5%||5%|\u00a0\u00bb animation_style=\u00a0\u00bbfade\u00a0\u00bb animation_starting_opacity=\u00a0\u00bb50%\u00a0\u00bb animation_speed_curve=\u00a0\u00bbease-in\u00a0\u00bb title_font_size_tablet=\u00a0\u00bb60px\u00a0\u00bb title_font_size_phone=\u00a0\u00bb40px\u00a0\u00bb title_font_size_last_edited=\u00a0\u00bbon|phone\u00a0\u00bb button_one_border_color_hover=\u00a0\u00bb#c99872&Prime; button_one_border_radius_hover=\u00a0\u00bb0px\u00a0\u00bb button_one_letter_spacing_hover=\u00a0\u00bb3px\u00a0\u00bb button_one_bg_color_hover=\u00a0\u00bb#c99872&Prime; button_one_text_size__hover_enabled=\u00a0\u00bboff\u00a0\u00bb button_two_text_size__hover_enabled=\u00a0\u00bboff\u00a0\u00bb button_one_text_color__hover_enabled=\u00a0\u00bboff\u00a0\u00bb button_two_text_color__hover_enabled=\u00a0\u00bboff\u00a0\u00bb button_one_border_width__hover_enabled=\u00a0\u00bboff\u00a0\u00bb button_two_border_width__hover_enabled=\u00a0\u00bboff\u00a0\u00bb button_one_border_color__hover_enabled=\u00a0\u00bbon\u00a0\u00bb button_one_border_color__hover=\u00a0\u00bb#c99872&Prime; button_two_border_color__hover_enabled=\u00a0\u00bboff\u00a0\u00bb button_one_border_radius__hover_enabled=\u00a0\u00bbon\u00a0\u00bb button_one_border_radius__hover=\u00a0\u00bb0px\u00a0\u00bb button_two_border_radius__hover_enabled=\u00a0\u00bboff\u00a0\u00bb button_one_letter_spacing__hover_enabled=\u00a0\u00bbon\u00a0\u00bb button_one_letter_spacing__hover=\u00a0\u00bb3px\u00a0\u00bb button_two_letter_spacing__hover_enabled=\u00a0\u00bboff\u00a0\u00bb button_one_bg_color__hover_enabled=\u00a0\u00bbon\u00a0\u00bb button_one_bg_color__hover=\u00a0\u00bb#c99872&Prime; button_two_bg_color__hover_enabled=\u00a0\u00bboff\u00a0\u00bb][\/et_pb_fullwidth_header][\/et_pb_section][et_pb_section fb_built=\u00a0\u00bb1&Prime; _builder_version=\u00a0\u00bb4.3.2&Prime; custom_margin=\u00a0\u00bb||-95px|||\u00a0\u00bb][et_pb_row _builder_version=\u00a0\u00bb4.3.2&Prime; custom_padding=\u00a0\u00bb3px|||||\u00a0\u00bb][et_pb_column type=\u00a0\u00bb4_4&Prime; _builder_version=\u00a0\u00bb4.3.2&Prime;][et_pb_text _builder_version=\u00a0\u00bb4.3.2&Prime;]<\/p>\n<div class=\"row description_section\">\n<div class=\"col-sm-12\">\n<div class=\"text_description_section\">\n<p>uesto sito utilizza cookie, anche di terze parti, per migliorarne l\u2019esperienza di navigazione e consentire a chi naviga di usufruire dei nostri servizi online e di visualizzare pubblicit\u00e0 in linea con le proprie preferenze.<\/p>\n<p>&nbsp;<\/p>\n<p>I cookies utilizzati in questo sito rientrano nelle categorie descritte di seguito.<\/p>\n<p>Se prosegui nella navigazione acconsenti all\u2019utilizzo dei cookie.\u00a0<\/p>\n<p>In qualunque momento \u00e8 possibile disabilitare i cookies presenti sul browser; ti ricordiamo che quest\u2019opzione potrebbe limitare molte delle funzionalit\u00e0 di navigazione del sito.<\/p>\n<p>&nbsp;<\/p>\n<p><strong>Istruzioni disabilitazione cookies dai browsers<\/strong><\/p>\n<p>&nbsp;<\/p>\n<p><strong>Se si utilizza Internet Explorer<\/strong><\/p>\n<p>In Internet Explorer, fare clic su \u201cStrumenti\u201d poi \u201cOpzioni Internet\u201d. Nella scheda Privacy, spostare il cursore verso l\u2019alto per bloccare tutti i cookie o verso il basso per consentire a tutti i cookie, e quindi fare clic su OK.<\/p>\n<p>&nbsp;<\/p>\n<p><strong>Se si utilizza il browser Firefox<\/strong><\/p>\n<p>Vai al menu \u201cStrumenti\u201d del browser e selezionare il menu \u201cOpzioni\u201d Fare clic sulla scheda \u201cPrivacy\u201d, deselezionare la casella \u201cAccetta cookie\u201d e fare clic su OK.<\/p>\n<p>&nbsp;<\/p>\n<p><strong>Se si utilizza il browser Safari<\/strong><\/p>\n<p>In Browser della votazione, selezionare il menu \u201cModifica\u201d e selezionare \u201cPreferences\u201d. Clicca su \u201cPrivacy\u201d. Posizionare l\u2019impostazione \u201ccookies Block\u201d sempre \u201ce fare clic su OK.<\/p>\n<p><strong>\u00a0<\/strong><\/p>\n<p><strong>Se si utilizza il browser Google Chrome<\/strong><\/p>\n<p>Fai clic sul menu Chrome nella barra degli strumenti del browser. Selezionare \u201cImpostazioni\u201d. Fare clic su \u201cMostra impostazioni avanzate\u201d. Nella sezione \u201cPrivacy\u201d, fai clic sul pulsante \u201cImpostazioni contenuti\u201d. Nella sezione \u201cCookies\u201d, selezionare \u201cNon consentire ai siti per memorizzare i dati\u201d e di controllo \u201ccookie di blocco e di terze parti i dati sito\u201d, e quindi fare clic su OK.\u00a0<\/p>\n<p>Se usi un qualsiasi altro browser, cerca nelle Impostazioni del browser la modalit\u00e0 di gestione dei cookies.<\/p>\n<p>&nbsp;<\/p>\n<p><strong>Cosa sono i cookies<\/strong>\u00a0<\/p>\n<p>I cookies sono piccoli file di testo che vengono automaticamente posizionati sul PC del navigatore all\u2019interno del browser. Essi contengono informazioni di base sulla navigazione in Internet e grazie al browser vengono riconosciuti ogni volta che l\u2019utente visita il sito.\u00a0<\/p>\n<p>Esistono vari tipi di cookie. Qui di seguito sono riportati i tipi cookie che possono essere utilizzati nel Sito con una descrizione della finalit\u00e0 legata all\u2019uso.<\/p>\n<p>&nbsp;<\/p>\n<p><strong>Cookie tecnici<\/strong>\u00a0<\/p>\n<p>I cookie di questo tipo sono necessari per il corretto funzionamento di alcune aree del sito. I cookie di questa categoria comprendono sia cookie persistenti che cookie di sessione. In assenza di tali cookie, il sito o alcune porzioni di esso potrebbero non funzionare correttamente. Pertanto, vengono sempre utilizzati, indipendentemente dalle preferenze dall\u2019utente. I cookie di questa categoria vengono sempre inviati dal nostro dominio.<\/p>\n<p>&nbsp;<\/p>\n<p><strong>Cookie analitici<\/strong>\u00a0<\/p>\n<p>I cookie di questo tipo vengono utilizzati per raccogliere informazioni sull\u2019utilizzo del sito. Il Titolare usa tali informazioni per analisi statistiche, per migliorare il sito e semplificarne l\u2019utilizzo, oltre che per monitorarne il corretto funzionamento. Questo tipo di cookie raccoglie informazioni in forma anonima sull\u2019attivit\u00e0 degli utenti nel sito e sul modo in cui sono arrivati al Sito e alle pagine visitate. I cookie di questa categoria vengono inviati dal Sito stesso o da domini di terze parti.<\/p>\n<p><strong>\u00a0<\/strong><\/p>\n<p><strong>Cookie di rilevamento di terze parti<\/strong>\u00a0<\/p>\n<p>I cookie di questo tipo vengono utilizzati per raccogliere informazioni sull\u2019utilizzo del sito Web da parte dei visitatori, le parole chiave usate per raggiungere il sito, i siti Web visitati e le origini del traffico da cui provengono i visitatori per le campagne di marketing. Il titolare pu\u00f2 utilizzare tali informazioni per compilare rapporti e migliorare il Sito. I cookie raccolgono informazioni in forma anonima. I cookie di questo tipo vengono inviati dal Sito stesso o da domini di terze parti.<\/p>\n<p>&nbsp;<\/p>\n<p><strong>Cookie per l\u2019integrazione di funzionalit\u00e0 di terze parti<\/strong>\u00a0<\/p>\n<p>I cookie di questo tipo vengono utilizzati per integrare funzionalit\u00e0 di terze parti nel Sito (ad esempio, moduli per i commenti o icone di social network che consentono ai visitatori di condividere il contenuto del sito). I cookie di questa categoria possono essere inviati dai domini dei siti partner o che comunque offrono le funzionalit\u00e0 presenti nel sito.<\/p>\n<p>Il Titolare applica la clausola consensuale direttamente all\u2019interno del form contatti dove l\u2019utente navigatore inviando la richiesta, dichiara di aver approvato trattamento dei dati unicamente per la richiesta in oggetto altrimenti non approvandola, non sar\u00e0 possibile inviare alcuna richiesta.<\/p>\n<p>Per le altre tipologie di cookie il consenso pu\u00f2 essere espresso dall\u2019Utente, conformemente alla normativa vigente, mediante specifiche configurazioni del browser e di programmi informatici o di dispositivi che siano di facile e chiara utilizzabilit\u00e0 per l\u2019Utente. Il Titolare ricorda all\u2019Utente che \u00e8 possibile modificare le preferenze relative ai cookie in qualsiasi momento. \u00c8 anche possibile disabilitare in qualsiasi momento i cookie dal browser, ma questa operazione potrebbe impedire all\u2019Utente di utilizzare alcune parti del Sito.<\/p>\n<p>&nbsp;<\/p>\n<p><strong>Cookie di profilazione di terza parte<\/strong>\u00a0<\/p>\n<p>Facciamo uso di svariati fornitori che possono a loro volta installare cookies per il corretto funzionamento dei servizi che stanno fornendo. Se desiderate avere informazioni relative a questi cookie di terza parte e su come disabilitarli vi preghiamo di accedere ai link delle tabelle qui di seguito.<\/p>\n<p>Inoltre accedendo alla pagina <a href=\"http:\/\/www.youronlinechoices.com\/it\/le-tue-scelte\" target=\"_blank\" rel=\"noopener noreferrer\">http:\/\/www.youronlinechoices.com\/it\/le-tue-scelte<\/a> \u00e8 possibile informarsi sulla pubblicit\u00e0 comportamentale oltre che disattivare o attivare le societ\u00e0 elencate e che lavorano con i gestori dei siti web per raccogliere e utilizzare informazioni utili alla fruizione della pubblicit\u00e0.<\/p>\n<p>&nbsp;<\/p>\n<p><strong>Cookies tecnici atti al corretto funzionamento di servizi terzi<\/strong><\/p>\n<p>Questi cookie ci permettono di monitorare le performance del sito. Qui di seguito l\u2019elenco dei servizi utilizzati e i link alle rispettive pagine di privacy policy.<\/p>\n<p>&nbsp;<\/p>\n<p><strong>Cookie utilizzati dal sito\u00a0www.lacatorta.com<\/strong>\u00a0<\/p>\n<p>Noi utilizziamo cookie e widget di nostri partner e dei pi\u00f9 diffusi social network per migliorare la visita dell\u2019utente sui nostri siti Web. Se questo rappresenta una preoccupazione, \u00e8 possibile disabilitare i cookie di terze parti dalle impostazioni del proprio browser oppure visitare un apposito URL di revoca per ciascun provider di cookie. Per impedire il monitoraggio da parte dei widget dei social media, uscire da tutti i social network a cui si \u00e8 effettuato l\u2019accesso prima di visitare il nostro sito Web.<\/p>\n<p>Si utilizzano anche i cookie analitici di Google Analytics con IP anonimizzato.<\/p>\n<p>Il cookie in questione che verr\u00e0 installato sul tuo terminale \u00e8 il seguente:<\/p>\n<p>_ga (Cookie utilizzato da Google Analytics per analizzare le statistiche di navigazione)<\/p>\n<p>Princ\u00ecpi di sicurezza e privacy di Google Analytics: <a href=\"https:\/\/www.google.com\/analytics\/learn\/privacy.html?hl=it\" target=\"_blank\" rel=\"noopener noreferrer\">https:\/\/www.google.com\/analytics\/learn\/privacy.html?hl=it<\/a><\/p>\n<p>Politica di\u00a0 Analytics sulla privacy e sulla protezione dei dati: <a href=\"https:\/\/support.google.com\/analytics\/answer\/6004245?hl=it\" target=\"_blank\" rel=\"noopener noreferrer\">https:\/\/support.google.com\/analytics\/answer\/6004245?hl=it<\/a>;<\/p>\n<p>Termini di servizio: <a href=\"http:\/\/www.google.com\/analytics\/terms\/it.html\" target=\"_blank\" rel=\"noopener noreferrer\">http:\/\/www.google.com\/analytics\/terms\/it.html<\/a><\/p>\n<p>\u00a0Se vuoi impedire l\u2019installazione dei cookie di Analytics sul tuo terminale, puoi installare questo componente aggiuntivo nel tuo browser: <a href=\"https:\/\/tools.google.com\/dlpage\/gaoptout?hl=it\" target=\"_blank\" rel=\"noopener noreferrer\">https:\/\/tools.google.com\/dlpage\/gaoptout?hl=it<\/a><\/p>\n<p>&nbsp;<\/p>\n<p>Titolare del trattamento \u00e8 B&amp;B La Ca\u2019 T\u00f3rta, Strada Case Mazza, 14, 43024 Neviano degli Arduini (PR), info@lacatorta.com.<\/p>\n<p>&nbsp;<\/p>\n<p>In ogni momento potete esercitare i diritti di cui all\u2019art. 7 del Codice in materia di protezione dei dati personali tra i quali accedere alle informazioni che Vi riguardano e chiederne l\u2019aggiornamento, la rettificazione e l\u2019integrazione, nonch\u00e9 la cancellazione, la trasformazione in forma anonima o il blocco solo qualora i medesimi vengano trattati in violazione alla legge. Potete altres\u00ec opporVi in tutto o in parte al trattamento.<\/p>\n<\/div>\n<\/div>\n<\/div>\n<p>[\/et_pb_text][\/et_pb_column][\/et_pb_row][\/et_pb_section][et_pb_section fb_built=\u00a0\u00bb1&Prime; _builder_version=\u00a0\u00bb4.3.2&Prime; min_height=\u00a0\u00bb131px\u00a0\u00bb custom_padding=\u00a0\u00bb||0px|||\u00a0\u00bb][\/et_pb_section][et_pb_section fb_built=\u00a0\u00bb1&Prime; admin_label=\u00a0\u00bbFooter\u00a0\u00bb _builder_version=\u00a0\u00bb4.3.2&Prime; background_color_gradient_direction=\u00a0\u00bb90deg\u00a0\u00bb background_image=\u00a0\u00bbhttps:\/\/www.lacatorta.com\/wp-content\/uploads\/2020\/02\/EOS-011.jpg\u00a0\u00bb parallax=\u00a0\u00bbon\u00a0\u00bb custom_padding=\u00a0\u00bb0px|0px|0px|0px\u00a0\u00bb saved_tabs=\u00a0\u00bball\u00a0\u00bb locked=\u00a0\u00bboff\u00a0\u00bb][et_pb_row column_structure=\u00a0\u00bb1_2,1_2&Prime; use_custom_gutter=\u00a0\u00bbon\u00a0\u00bb gutter_width=\u00a0\u00bb1&Prime; make_equal=\u00a0\u00bbon\u00a0\u00bb admin_label=\u00a0\u00bbFooter Row\u00a0\u00bb module_class=\u00a0\u00bb et_pb_row_fullwidth\u00a0\u00bb _builder_version=\u00a0\u00bb3.25&Prime; width=\u00a0\u00bb100%\u00a0\u00bb width_tablet=\u00a0\u00bb100%\u00a0\u00bb width_phone=\u00a0\u00bb\u00a0\u00bb width_last_edited=\u00a0\u00bbon|desktop\u00a0\u00bb max_width=\u00a0\u00bb100%\u00a0\u00bb max_width_tablet=\u00a0\u00bb100%\u00a0\u00bb max_width_phone=\u00a0\u00bb\u00a0\u00bb max_width_last_edited=\u00a0\u00bbon|desktop\u00a0\u00bb custom_margin=\u00a0\u00bb|||\u00a0\u00bb custom_padding=\u00a0\u00bb0px|0px|0px|0px\u00a0\u00bb animation_style=\u00a0\u00bbfade\u00a0\u00bb make_fullwidth=\u00a0\u00bbon\u00a0\u00bb][et_pb_column type=\u00a0\u00bb1_2&Prime; _builder_version=\u00a0\u00bb3.25&Prime; background_color=\u00a0\u00bbrgba(0,0,0,0.6)\u00a0\u00bb custom_padding=\u00a0\u00bb100px|10%|100px|10%\u00a0\u00bb custom_padding_tablet=\u00a0\u00bb\u00a0\u00bb custom_padding_phone=\u00a0\u00bb\u00a0\u00bb custom_padding_last_edited=\u00a0\u00bbon|phone\u00a0\u00bb custom_padding__hover=\u00a0\u00bb|||\u00a0\u00bb][et_pb_text admin_label=\u00a0\u00bbTittle\u00a0\u00bb _builder_version=\u00a0\u00bb3.27.4&Prime; text_font=\u00a0\u00bbOswald||||\u00a0\u00bb link_font=\u00a0\u00bb||||||||\u00a0\u00bb ul_font=\u00a0\u00bb||||||||\u00a0\u00bb ol_font=\u00a0\u00bb||||||||\u00a0\u00bb quote_font=\u00a0\u00bb||||||||\u00a0\u00bb header_font=\u00a0\u00bb||||||||\u00a0\u00bb header_2_font=\u00a0\u00bbOswald|||on|||||\u00a0\u00bb header_2_text_align=\u00a0\u00bbleft\u00a0\u00bb header_2_font_size=\u00a0\u00bb40px\u00a0\u00bb header_2_letter_spacing=\u00a0\u00bb2px\u00a0\u00bb header_2_line_height=\u00a0\u00bb1.5em\u00a0\u00bb background_layout=\u00a0\u00bbdark\u00a0\u00bb custom_margin=\u00a0\u00bb||4%|\u00a0\u00bb locked=\u00a0\u00bboff\u00a0\u00bb]<\/p>\n<h2>Servizi<\/h2>\n<p>[\/et_pb_text][et_pb_text admin_label=\u00a0\u00bbTexts\u00a0\u00bb _builder_version=\u00a0\u00bb3.27.4&Prime; text_font=\u00a0\u00bbNunito||||\u00a0\u00bb text_font_size=\u00a0\u00bb16px\u00a0\u00bb text_line_height=\u00a0\u00bb1.5em\u00a0\u00bb header_font=\u00a0\u00bbOswald|||on|\u00a0\u00bb header_text_color=\u00a0\u00bb#DCA57D\u00a0\u00bb header_font_size=\u00a0\u00bb16px\u00a0\u00bb header_letter_spacing=\u00a0\u00bb2px\u00a0\u00bb header_line_height=\u00a0\u00bb1.7em\u00a0\u00bb header_4_font=\u00a0\u00bbOswald|||on|||||\u00a0\u00bb header_4_text_color=\u00a0\u00bb#DCA57D\u00a0\u00bb header_4_font_size=\u00a0\u00bb16px\u00a0\u00bb header_4_letter_spacing=\u00a0\u00bb1px\u00a0\u00bb header_4_line_height=\u00a0\u00bb1.5em\u00a0\u00bb background_layout=\u00a0\u00bbdark\u00a0\u00bb custom_margin=\u00a0\u00bb||6%|\u00a0\u00bb locked=\u00a0\u00bboff\u00a0\u00bb]<\/p>\n<h4>\u2013 pARGarcheggio gratuito<\/h4>\n<p>\u2013 INTERNET AD ALTA VELOCITA\u2019 GRATUITO (WIFI)<\/p>\n<p>[\/et_pb_text][et_pb_text admin_label=\u00a0\u00bbTexts\u00a0\u00bb _builder_version=\u00a0\u00bb3.27.4&Prime; text_font=\u00a0\u00bbNunito||||\u00a0\u00bb text_font_size=\u00a0\u00bb16px\u00a0\u00bb text_line_height=\u00a0\u00bb1.5em\u00a0\u00bb header_font=\u00a0\u00bbOswald|||on|\u00a0\u00bb header_text_color=\u00a0\u00bb#DCA57D\u00a0\u00bb header_font_size=\u00a0\u00bb16px\u00a0\u00bb header_letter_spacing=\u00a0\u00bb2px\u00a0\u00bb header_line_height=\u00a0\u00bb1.7em\u00a0\u00bb header_4_font=\u00a0\u00bbOswald|||on|||||\u00a0\u00bb header_4_text_color=\u00a0\u00bb#DCA57D\u00a0\u00bb header_4_font_size=\u00a0\u00bb16px\u00a0\u00bb header_4_letter_spacing=\u00a0\u00bb1px\u00a0\u00bb header_4_line_height=\u00a0\u00bb1.5em\u00a0\u00bb background_layout=\u00a0\u00bbdark\u00a0\u00bb custom_margin=\u00a0\u00bb||6%|\u00a0\u00bb locked=\u00a0\u00bboff\u00a0\u00bb]<\/p>\n<h4>\u2013 colazione gratuita<\/h4>\n<p>\u2013 ANIMALI DOMESTICI AMMESSI<\/p>\n<p>[\/et_pb_text][et_pb_button button_url=\u00a0\u00bbhttps:\/\/www.tripadvisor.it\/Hotel_Review-g1930565-d17191987-Reviews-B_B_La_Ca_Torta-Neviano_degli_Arduini_Province_of_Parma_Emilia_Romagna.html\u00a0\u00bb button_text=\u00a0\u00bbSIAMO ANCHE SU TRIPADVISOR\u00a0\u00bb button_alignment=\u00a0\u00bbleft\u00a0\u00bb admin_label=\u00a0\u00bbTexts\u00a0\u00bb _builder_version=\u00a0\u00bb4.3.2&Prime; custom_button=\u00a0\u00bbon\u00a0\u00bb button_text_size=\u00a0\u00bb15px\u00a0\u00bb button_text_color=\u00a0\u00bb#ffffff\u00a0\u00bb button_bg_color=\u00a0\u00bb#dca47d\u00a0\u00bb button_border_width=\u00a0\u00bb10px\u00a0\u00bb button_border_color=\u00a0\u00bb#dca47d\u00a0\u00bb button_border_radius=\u00a0\u00bb0px\u00a0\u00bb button_letter_spacing=\u00a0\u00bb3px\u00a0\u00bb button_font=\u00a0\u00bbOswald|||on|\u00a0\u00bb button_use_icon=\u00a0\u00bboff\u00a0\u00bb custom_margin=\u00a0\u00bb|||\u00a0\u00bb button_border_color_hover=\u00a0\u00bb#c99872&Prime; button_border_radius_hover=\u00a0\u00bb0px\u00a0\u00bb button_letter_spacing_hover=\u00a0\u00bb3px\u00a0\u00bb button_bg_color_hover=\u00a0\u00bb#c99872&Prime; button_text_size__hover_enabled=\u00a0\u00bboff\u00a0\u00bb button_one_text_size__hover_enabled=\u00a0\u00bboff\u00a0\u00bb button_two_text_size__hover_enabled=\u00a0\u00bboff\u00a0\u00bb button_text_color__hover_enabled=\u00a0\u00bboff\u00a0\u00bb button_one_text_color__hover_enabled=\u00a0\u00bboff\u00a0\u00bb button_two_text_color__hover_enabled=\u00a0\u00bboff\u00a0\u00bb button_border_width__hover_enabled=\u00a0\u00bboff\u00a0\u00bb button_one_border_width__hover_enabled=\u00a0\u00bboff\u00a0\u00bb button_two_border_width__hover_enabled=\u00a0\u00bboff\u00a0\u00bb button_border_color__hover_enabled=\u00a0\u00bbon\u00a0\u00bb button_border_color__hover=\u00a0\u00bb#c99872&Prime; button_one_border_color__hover_enabled=\u00a0\u00bboff\u00a0\u00bb button_two_border_color__hover_enabled=\u00a0\u00bboff\u00a0\u00bb button_border_radius__hover_enabled=\u00a0\u00bbon\u00a0\u00bb button_border_radius__hover=\u00a0\u00bb0px\u00a0\u00bb button_one_border_radius__hover_enabled=\u00a0\u00bboff\u00a0\u00bb button_two_border_radius__hover_enabled=\u00a0\u00bboff\u00a0\u00bb button_letter_spacing__hover_enabled=\u00a0\u00bbon\u00a0\u00bb button_letter_spacing__hover=\u00a0\u00bb3px\u00a0\u00bb button_one_letter_spacing__hover_enabled=\u00a0\u00bboff\u00a0\u00bb button_two_letter_spacing__hover_enabled=\u00a0\u00bboff\u00a0\u00bb button_bg_color__hover_enabled=\u00a0\u00bbon\u00a0\u00bb button_bg_color__hover=\u00a0\u00bb#c99872&Prime; button_one_bg_color__hover_enabled=\u00a0\u00bboff\u00a0\u00bb button_two_bg_color__hover_enabled=\u00a0\u00bboff\u00a0\u00bb][\/et_pb_button][\/et_pb_column][et_pb_column type=\u00a0\u00bb1_2&Prime; _builder_version=\u00a0\u00bb3.25&Prime; background_color=\u00a0\u00bb#000000&Prime; custom_padding=\u00a0\u00bb100px|10%|100px|10%\u00a0\u00bb custom_padding__hover=\u00a0\u00bb|||\u00a0\u00bb][et_pb_text admin_label=\u00a0\u00bbTexts\u00a0\u00bb _builder_version=\u00a0\u00bb3.27.4&Prime; text_font=\u00a0\u00bbOswald||||\u00a0\u00bb link_font=\u00a0\u00bb||||||||\u00a0\u00bb ul_font=\u00a0\u00bb||||||||\u00a0\u00bb ol_font=\u00a0\u00bb||||||||\u00a0\u00bb quote_font=\u00a0\u00bb||||||||\u00a0\u00bb header_font=\u00a0\u00bb||||||||\u00a0\u00bb header_2_font=\u00a0\u00bbOswald|||on|||||\u00a0\u00bb header_2_text_align=\u00a0\u00bbleft\u00a0\u00bb header_2_font_size=\u00a0\u00bb40px\u00a0\u00bb header_2_letter_spacing=\u00a0\u00bb2px\u00a0\u00bb header_2_line_height=\u00a0\u00bb1.5em\u00a0\u00bb background_layout=\u00a0\u00bbdark\u00a0\u00bb custom_margin=\u00a0\u00bb||4%|\u00a0\u00bb custom_padding=\u00a0\u00bb|||\u00a0\u00bb locked=\u00a0\u00bboff\u00a0\u00bb]<\/p>\n<h2>CONTATTACI<\/h2>\n<p>[\/et_pb_text][et_pb_text admin_label=\u00a0\u00bbTexts\u00a0\u00bb _builder_version=\u00a0\u00bb4.3.2&Prime; text_font=\u00a0\u00bbNunito||||\u00a0\u00bb text_font_size=\u00a0\u00bb16px\u00a0\u00bb header_font=\u00a0\u00bbOswald|||on|\u00a0\u00bb header_text_color=\u00a0\u00bb#DCA57D\u00a0\u00bb header_font_size=\u00a0\u00bb16px\u00a0\u00bb header_letter_spacing=\u00a0\u00bb2px\u00a0\u00bb header_line_height=\u00a0\u00bb1.7em\u00a0\u00bb header_4_font=\u00a0\u00bbOswald|||on|||||\u00a0\u00bb header_4_text_color=\u00a0\u00bb#DCA57D\u00a0\u00bb header_4_font_size=\u00a0\u00bb16px\u00a0\u00bb header_4_letter_spacing=\u00a0\u00bb1px\u00a0\u00bb header_4_line_height=\u00a0\u00bb1.5em\u00a0\u00bb background_layout=\u00a0\u00bbdark\u00a0\u00bb custom_margin=\u00a0\u00bb||6%|\u00a0\u00bb locked=\u00a0\u00bboff\u00a0\u00bb]<\/p>\n<h4>CHIAMACI SUBITO<\/h4>\n<p>+39 <span dir=\"ltr\" style=\"direction: ltr;\">349 5106295<\/span><\/p>\n<p>[\/et_pb_text][et_pb_text admin_label=\u00a0\u00bbTexts\u00a0\u00bb _builder_version=\u00a0\u00bb3.27.4&Prime; text_font=\u00a0\u00bbNunito||||\u00a0\u00bb text_font_size=\u00a0\u00bb16px\u00a0\u00bb header_font=\u00a0\u00bbOswald|||on|\u00a0\u00bb header_text_color=\u00a0\u00bb#DCA57D\u00a0\u00bb header_font_size=\u00a0\u00bb16px\u00a0\u00bb header_letter_spacing=\u00a0\u00bb2px\u00a0\u00bb header_line_height=\u00a0\u00bb1.7em\u00a0\u00bb header_4_font=\u00a0\u00bbOswald|||on|||||\u00a0\u00bb header_4_text_color=\u00a0\u00bb#DCA57D\u00a0\u00bb header_4_font_size=\u00a0\u00bb16px\u00a0\u00bb header_4_letter_spacing=\u00a0\u00bb1px\u00a0\u00bb header_4_line_height=\u00a0\u00bb1.5em\u00a0\u00bb background_layout=\u00a0\u00bbdark\u00a0\u00bb custom_margin=\u00a0\u00bb||6%|\u00a0\u00bb locked=\u00a0\u00bboff\u00a0\u00bb]<\/p>\n<h4>Scrivici per mail<\/h4>\n<p><a href=\"mailto:info@lacatorta.com\">info@lacatorta.com<\/a><\/p>\n<p>[\/et_pb_text][et_pb_text admin_label=\u00a0\u00bbTexts\u00a0\u00bb _builder_version=\u00a0\u00bb3.27.4&Prime; text_font=\u00a0\u00bbNunito||||\u00a0\u00bb text_font_size=\u00a0\u00bb16px\u00a0\u00bb text_line_height=\u00a0\u00bb1.5em\u00a0\u00bb header_font=\u00a0\u00bbOswald|||on|\u00a0\u00bb header_text_color=\u00a0\u00bb#DCA57D\u00a0\u00bb header_font_size=\u00a0\u00bb16px\u00a0\u00bb header_letter_spacing=\u00a0\u00bb2px\u00a0\u00bb header_line_height=\u00a0\u00bb1.7em\u00a0\u00bb header_4_font=\u00a0\u00bbOswald|||on|||||\u00a0\u00bb header_4_text_color=\u00a0\u00bb#DCA57D\u00a0\u00bb header_4_font_size=\u00a0\u00bb16px\u00a0\u00bb header_4_letter_spacing=\u00a0\u00bb1px\u00a0\u00bb header_4_line_height=\u00a0\u00bb1.5em\u00a0\u00bb background_layout=\u00a0\u00bbdark\u00a0\u00bb custom_margin=\u00a0\u00bb||6%|\u00a0\u00bb locked=\u00a0\u00bboff\u00a0\u00bb]<\/p>\n<h4>DOVE TROVARCI<\/h4>\n<p>Strada Case Mazza, 14<br \/>43024 Neviano degli Arduini (PR)<\/p>\n<p>[\/et_pb_text][\/et_pb_column][\/et_pb_row][\/et_pb_section]<\/p>\n","protected":false},"excerpt":{"rendered":"<p>uesto sito utilizza cookie, anche di terze parti, per migliorarne l\u2019esperienza di navigazione e consentire a chi naviga di usufruire dei nostri servizi online e di visualizzare pubblicit\u00e0 in linea con le proprie preferenze. &nbsp; I cookies utilizzati in questo sito rientrano nelle categorie descritte di seguito. Se prosegui nella navigazione acconsenti all\u2019utilizzo dei cookie.\u00a0 [&hellip;]<\/p>\n","protected":false},"author":1,"featured_media":0,"parent":0,"menu_order":0,"comment_status":"closed","ping_status":"closed","template":"","meta":{"_et_pb_use_builder":"on","_et_pb_old_content":"","_et_gb_content_width":"","footnotes":""},"class_list":["post-6399","page","type-page","status-publish","hentry"],"_links":{"self":[{"href":"https:\/\/www.lacatorta.com\/fr\/wp-json\/wp\/v2\/pages\/6399","targetHints":{"allow":["GET"]}}],"collection":[{"href":"https:\/\/www.lacatorta.com\/fr\/wp-json\/wp\/v2\/pages"}],"about":[{"href":"https:\/\/www.lacatorta.com\/fr\/wp-json\/wp\/v2\/types\/page"}],"author":[{"embeddable":true,"href":"https:\/\/www.lacatorta.com\/fr\/wp-json\/wp\/v2\/users\/1"}],"replies":[{"embeddable":true,"href":"https:\/\/www.lacatorta.com\/fr\/wp-json\/wp\/v2\/comments?post=6399"}],"version-history":[{"count":0,"href":"https:\/\/www.lacatorta.com\/fr\/wp-json\/wp\/v2\/pages\/6399\/revisions"}],"wp:attachment":[{"href":"https:\/\/www.lacatorta.com\/fr\/wp-json\/wp\/v2\/media?parent=6399"}],"curies":[{"name":"wp","href":"https:\/\/api.w.org\/{rel}","templated":true}]}}